{"id":103,"date":"2016-06-30T12:46:35","date_gmt":"2016-06-30T10:46:35","guid":{"rendered":"http:\/\/dev.ghislain-fernandez.fr\/?page_id=103"},"modified":"2025-09-12T16:06:55","modified_gmt":"2025-09-12T14:06:55","slug":"accueil","status":"publish","type":"page","link":"https:\/\/www.ghislain-fernandez.fr\/","title":{"rendered":"ACCUEIL"},"content":{"rendered":"<p>[et_pb_section fb_built=\u00a0\u00bb1&Prime; custom_padding_last_edited=\u00a0\u00bbon|desktop\u00a0\u00bb admin_label=\u00a0\u00bbsection\u00a0\u00bb _builder_version=\u00a0\u00bb4.16&Prime; background_color=\u00a0\u00bb#ffffff\u00a0\u00bb background_image=\u00a0\u00bbhttps:\/\/www.ghislain-fernandez.fr\/wp-content\/uploads\/2019\/04\/PERLINE_9791097317058.jpg\u00a0\u00bb custom_padding_tablet=\u00a0\u00bb50px|0|50px|0&Prime; custom_padding_phone=\u00a0\u00bb\u00a0\u00bb transparent_background=\u00a0\u00bboff\u00a0\u00bb padding_mobile=\u00a0\u00bboff\u00a0\u00bb make_fullwidth=\u00a0\u00bboff\u00a0\u00bb use_custom_width=\u00a0\u00bboff\u00a0\u00bb width_unit=\u00a0\u00bbon\u00a0\u00bb global_colors_info=\u00a0\u00bb{}\u00a0\u00bb][et_pb_row column_structure=\u00a0\u00bb1_2,1_2&Prime; padding_mobile=\u00a0\u00bboff\u00a0\u00bb column_padding_mobile=\u00a0\u00bbon\u00a0\u00bb admin_label=\u00a0\u00bbrow\u00a0\u00bb _builder_version=\u00a0\u00bb4.16&Prime; background_color=\u00a0\u00bb#ffffff\u00a0\u00bb background_size=\u00a0\u00bbinitial\u00a0\u00bb background_position=\u00a0\u00bbtop_left\u00a0\u00bb background_repeat=\u00a0\u00bbrepeat\u00a0\u00bb make_fullwidth=\u00a0\u00bboff\u00a0\u00bb use_custom_width=\u00a0\u00bboff\u00a0\u00bb width_unit=\u00a0\u00bbon\u00a0\u00bb global_colors_info=\u00a0\u00bb{}\u00a0\u00bb][et_pb_column type=\u00a0\u00bb1_2&Prime; _builder_version=\u00a0\u00bb4.16&Prime; custom_padding=\u00a0\u00bb|||\u00a0\u00bb global_colors_info=\u00a0\u00bb{}\u00a0\u00bb custom_padding__hover=\u00a0\u00bb|||\u00a0\u00bb][et_pb_text admin_label=\u00a0\u00bbTexte\u00a0\u00bb _builder_version=\u00a0\u00bb4.16&Prime; text_font_size=\u00a0\u00bb20&Prime; header_text_color=\u00a0\u00bb#686868&Prime; background_size=\u00a0\u00bbinitial\u00a0\u00bb background_position=\u00a0\u00bbtop_left\u00a0\u00bb background_repeat=\u00a0\u00bbrepeat\u00a0\u00bb text_orientation=\u00a0\u00bbcenter\u00a0\u00bb module_alignment=\u00a0\u00bbcenter\u00a0\u00bb use_border_color=\u00a0\u00bboff\u00a0\u00bb border_color=\u00a0\u00bb#ffffff\u00a0\u00bb border_style=\u00a0\u00bbsolid\u00a0\u00bb global_colors_info=\u00a0\u00bb{}\u00a0\u00bb]SITE OFFICIEL DE GHISLAIN FERNANDEZ<br \/>\n[\/et_pb_text][et_pb_image src=\u00a0\u00bbhttps:\/\/www.ghislain-fernandez.fr\/wp-content\/uploads\/2020\/10\/120235048_3348945925200488_5947290942256559867_o.jpg\u00a0\u00bb align_tablet=\u00a0\u00bbcenter\u00a0\u00bb align_phone=\u00a0\u00bb\u00a0\u00bb align_last_edited=\u00a0\u00bbon|desktop\u00a0\u00bb admin_label=\u00a0\u00bbImage\u00a0\u00bb _builder_version=\u00a0\u00bb4.27.4&Prime; custom_margin=\u00a0\u00bb|||10px\u00a0\u00bb animation_style=\u00a0\u00bbslide\u00a0\u00bb animation_direction=\u00a0\u00bbleft\u00a0\u00bb animation_duration=\u00a0\u00bb500ms\u00a0\u00bb animation_intensity_slide=\u00a0\u00bb10%\u00a0\u00bb hover_enabled=\u00a0\u00bb0&Prime; border_width_all=\u00a0\u00bb2&Prime; border_color_all=\u00a0\u00bb#8c8c8c\u00a0\u00bb border_style_all=\u00a0\u00bbridge\u00a0\u00bb use_border_color=\u00a0\u00bbon\u00a0\u00bb border_color=\u00a0\u00bb#8c8c8c\u00a0\u00bb border_width=\u00a0\u00bb2&Prime; border_style=\u00a0\u00bbridge\u00a0\u00bb animation=\u00a0\u00bbleft\u00a0\u00bb sticky=\u00a0\u00bboff\u00a0\u00bb global_colors_info=\u00a0\u00bb{}\u00a0\u00bb title_text=\u00a0\u00bbFernandez Ghislain\u00a0\u00bb sticky_enabled=\u00a0\u00bb0&Prime;] [\/et_pb_image][\/et_pb_column][et_pb_column type=\u00a0\u00bb1_2&Prime; _builder_version=\u00a0\u00bb4.16&Prime; custom_padding=\u00a0\u00bb|||\u00a0\u00bb global_colors_info=\u00a0\u00bb{}\u00a0\u00bb custom_padding__hover=\u00a0\u00bb|||\u00a0\u00bb][et_pb_text admin_label=\u00a0\u00bbTexte\u00a0\u00bb _builder_version=\u00a0\u00bb4.16&Prime; background_size=\u00a0\u00bbinitial\u00a0\u00bb background_position=\u00a0\u00bbtop_left\u00a0\u00bb background_repeat=\u00a0\u00bbrepeat\u00a0\u00bb text_orientation=\u00a0\u00bbcenter\u00a0\u00bb module_alignment=\u00a0\u00bbcenter\u00a0\u00bb custom_margin=\u00a0\u00bb10px|10px|10px|10px\u00a0\u00bb custom_padding=\u00a0\u00bb21px|21px|22px|21px||\u00a0\u00bb use_border_color=\u00a0\u00bboff\u00a0\u00bb border_color=\u00a0\u00bb#4f4f4f\u00a0\u00bb border_style=\u00a0\u00bbsolid\u00a0\u00bb global_colors_info=\u00a0\u00bb{}\u00a0\u00bb]<\/p>\n<p style=\"text-align: justify;\">Amis (es) des mots et de la magie, je vous souhaite\u00a0la bienvenue sur mon site.<\/p>\n<p style=\"text-align: justify;\">Vous y trouverez nombre d\u2019informations concernant, mes passages, mes cr\u00e9ations, les liens de mes pages Facebook, Twitter ou encore un formulaire\u00a0de contact pour me laisser un message.<\/p>\n<p style=\"text-align: justify;\">Ici, il est aussi possible de commander mes ouvrages et d&rsquo;avoir une d\u00e9dicace si vous pensez \u00e0 la demander.<\/p>\n<p style=\"text-align: justify;\">Je n&rsquo;ai que peu de temps \u00e0 consacrer \u00e0 mon site, pr\u00e9f\u00e9rant de loin vous \u00e9mouvoir avec mes histoires Fantasy, Fantastique, Science-fantasy&#8230;<\/p>\n<p style=\"text-align: justify;\">En attendant, de vous rencontrer lors de mes passages, je vous offre d\u00e9j\u00e0\u00a0ce lieu qui se verra compl\u00e9t\u00e9 en temps utile.<\/p>\n<p style=\"text-align: justify;\">Ghislain Fernandez<\/p>\n<p>[\/et_pb_text][\/et_pb_column][\/et_pb_row][\/et_pb_section]<\/p>\n","protected":false},"excerpt":{"rendered":"<p>SITE OFFICIEL DE GHISLAIN FERNANDEZ Amis (es) des mots et de la magie, je vous souhaite\u00a0la bienvenue sur mon site. Vous y trouverez nombre d\u2019informations concernant, mes passages, mes cr\u00e9ations, les liens de mes pages Facebook, Twitter ou encore un formulaire\u00a0de contact pour me laisser un message. Ici, il est aussi possible de commander mes [&hellip;]<\/p>\n","protected":false},"author":1,"featured_media":0,"parent":0,"menu_order":0,"comment_status":"closed","ping_status":"closed","template":"","meta":{"_et_pb_use_builder":"on","_et_pb_old_content":"","_et_gb_content_width":"","footnotes":""},"class_list":["post-103","page","type-page","status-publish","hentry"],"aioseo_notices":[],"_links":{"self":[{"href":"https:\/\/www.ghislain-fernandez.fr\/index.php?rest_route=\/wp\/v2\/pages\/103","targetHints":{"allow":["GET"]}}],"collection":[{"href":"https:\/\/www.ghislain-fernandez.fr\/index.php?rest_route=\/wp\/v2\/pages"}],"about":[{"href":"https:\/\/www.ghislain-fernandez.fr\/index.php?rest_route=\/wp\/v2\/types\/page"}],"author":[{"embeddable":true,"href":"https:\/\/www.ghislain-fernandez.fr\/index.php?rest_route=\/wp\/v2\/users\/1"}],"replies":[{"embeddable":true,"href":"https:\/\/www.ghislain-fernandez.fr\/index.php?rest_route=%2Fwp%2Fv2%2Fcomments&post=103"}],"version-history":[{"count":90,"href":"https:\/\/www.ghislain-fernandez.fr\/index.php?rest_route=\/wp\/v2\/pages\/103\/revisions"}],"predecessor-version":[{"id":1395,"href":"https:\/\/www.ghislain-fernandez.fr\/index.php?rest_route=\/wp\/v2\/pages\/103\/revisions\/1395"}],"wp:attachment":[{"href":"https:\/\/www.ghislain-fernandez.fr\/index.php?rest_route=%2Fwp%2Fv2%2Fmedia&parent=103"}],"curies":[{"name":"wp","href":"https:\/\/api.w.org\/{rel}","templated":true}]}}