{"id":110,"date":"2016-06-30T12:50:38","date_gmt":"2016-06-30T10:50:38","guid":{"rendered":"http:\/\/dev.ghislain-fernandez.fr\/?page_id=110"},"modified":"2023-11-11T18:53:47","modified_gmt":"2023-11-11T17:53:47","slug":"accueil-02","status":"publish","type":"page","link":"https:\/\/www.ghislain-fernandez.fr\/?page_id=110","title":{"rendered":"BIOGRAPHIE"},"content":{"rendered":"<p>[et_pb_section fb_built=\u00a0\u00bb1&Prime; inner_shadow=\u00a0\u00bbon\u00a0\u00bb fullwidth=\u00a0\u00bbon\u00a0\u00bb custom_padding_last_edited=\u00a0\u00bbon|desktop\u00a0\u00bb admin_label=\u00a0\u00bbsection\u00a0\u00bb _builder_version=\u00a0\u00bb4.16&Prime; background_color=\u00a0\u00bb#6aceb6&Prime; background_image=\u00a0\u00bbhttps:\/\/www.ghislain-fernandez.fr\/wp-content\/uploads\/2016\/06\/4217-fond-papier-peint-WallFizz.jpg\u00a0\u00bb custom_padding_tablet=\u00a0\u00bb50px|0|50px|0&Prime; custom_padding_phone=\u00a0\u00bb\u00a0\u00bb transparent_background=\u00a0\u00bboff\u00a0\u00bb padding_mobile=\u00a0\u00bboff\u00a0\u00bb make_fullwidth=\u00a0\u00bboff\u00a0\u00bb use_custom_width=\u00a0\u00bboff\u00a0\u00bb width_unit=\u00a0\u00bbon\u00a0\u00bb global_colors_info=\u00a0\u00bb{}\u00a0\u00bb][et_pb_fullwidth_header title=\u00a0\u00bbBIOGRAPHIE\u00a0\u00bb text_orientation=\u00a0\u00bbcenter\u00a0\u00bb content_max_width=\u00a0\u00bbnone\u00a0\u00bb admin_label=\u00a0\u00bbEn-t\u00eate plein \u00e9cran\u00a0\u00bb _builder_version=\u00a0\u00bb4.23.1&Prime; background_color=\u00a0\u00bbrgba(255, 255, 255, 0)\u00a0\u00bb hover_enabled=\u00a0\u00bb0&Prime; button_one_letter_spacing_hover=\u00a0\u00bb0&Prime; button_two_letter_spacing_hover=\u00a0\u00bb0&Prime; global_colors_info=\u00a0\u00bb{}\u00a0\u00bb button_one_text_size__hover_enabled=\u00a0\u00bboff\u00a0\u00bb button_two_text_size__hover_enabled=\u00a0\u00bboff\u00a0\u00bb button_one_text_color__hover_enabled=\u00a0\u00bboff\u00a0\u00bb button_two_text_color__hover_enabled=\u00a0\u00bboff\u00a0\u00bb button_one_border_width__hover_enabled=\u00a0\u00bboff\u00a0\u00bb button_two_border_width__hover_enabled=\u00a0\u00bboff\u00a0\u00bb button_one_border_color__hover_enabled=\u00a0\u00bboff\u00a0\u00bb button_two_border_color__hover_enabled=\u00a0\u00bboff\u00a0\u00bb button_one_border_radius__hover_enabled=\u00a0\u00bboff\u00a0\u00bb button_two_border_radius__hover_enabled=\u00a0\u00bboff\u00a0\u00bb button_one_letter_spacing__hover_enabled=\u00a0\u00bbon\u00a0\u00bb button_one_letter_spacing__hover=\u00a0\u00bb0&Prime; button_two_letter_spacing__hover_enabled=\u00a0\u00bbon\u00a0\u00bb button_two_letter_spacing__hover=\u00a0\u00bb0&Prime; button_one_bg_color__hover_enabled=\u00a0\u00bboff\u00a0\u00bb button_two_bg_color__hover_enabled=\u00a0\u00bboff\u00a0\u00bb sticky_enabled=\u00a0\u00bb0&Prime;]<\/p>\n<p><img loading=\"lazy\" decoding=\"async\" src=\"https:\/\/www.ghislain-fernandez.fr\/wp-content\/uploads\/2023\/11\/IMG_9138-225x300.jpg\" width=\"225\" height=\"300\" alt=\"\" class=\"wp-image-1305 alignnone size-medium\" \/><img loading=\"lazy\" decoding=\"async\" src=\"https:\/\/www.ghislain-fernandez.fr\/wp-content\/uploads\/2023\/11\/IMG_9207-225x300.jpg\" width=\"225\" height=\"300\" alt=\"\" class=\"wp-image-1306 alignnone size-medium\" \/><img loading=\"lazy\" decoding=\"async\" src=\"https:\/\/www.ghislain-fernandez.fr\/wp-content\/uploads\/2023\/11\/FOZ-A1-276x300.jpg\" width=\"276\" height=\"300\" alt=\"\" class=\"wp-image-1307 alignnone size-medium\" \/><\/p>\n<p>[\/et_pb_fullwidth_header][\/et_pb_section][et_pb_section fb_built=\u00a0\u00bb1&Prime; custom_padding_last_edited=\u00a0\u00bbon|desktop\u00a0\u00bb admin_label=\u00a0\u00bbsection\u00a0\u00bb _builder_version=\u00a0\u00bb4.16&Prime; background_color=\u00a0\u00bb#ffffff\u00a0\u00bb background_image=\u00a0\u00bbhttps:\/\/www.ghislain-fernandez.fr\/wp-content\/uploads\/2016\/06\/ANDROLIA.jpg\u00a0\u00bb custom_padding_tablet=\u00a0\u00bb50px|0|50px|0&Prime; custom_padding_phone=\u00a0\u00bb\u00a0\u00bb transparent_background=\u00a0\u00bboff\u00a0\u00bb padding_mobile=\u00a0\u00bboff\u00a0\u00bb make_fullwidth=\u00a0\u00bboff\u00a0\u00bb use_custom_width=\u00a0\u00bboff\u00a0\u00bb width_unit=\u00a0\u00bbon\u00a0\u00bb global_colors_info=\u00a0\u00bb{}\u00a0\u00bb][et_pb_row column_structure=\u00a0\u00bb1_3,1_3,1_3&Prime; admin_label=\u00a0\u00bbrow\u00a0\u00bb _builder_version=\u00a0\u00bb4.16&Prime; background_size=\u00a0\u00bbinitial\u00a0\u00bb background_position=\u00a0\u00bbtop_left\u00a0\u00bb background_repeat=\u00a0\u00bbrepeat\u00a0\u00bb global_colors_info=\u00a0\u00bb{}\u00a0\u00bb][et_pb_column type=\u00a0\u00bb1_3&Prime; _builder_version=\u00a0\u00bb4.16&Prime; custom_padding=\u00a0\u00bb|||\u00a0\u00bb global_colors_info=\u00a0\u00bb{}\u00a0\u00bb custom_padding__hover=\u00a0\u00bb|||\u00a0\u00bb][et_pb_image src=\u00a0\u00bbhttps:\/\/www.ghislain-fernandez.fr\/wp-content\/uploads\/2016\/06\/ghislain-20002-2-.jpg\u00a0\u00bb align_tablet=\u00a0\u00bbcenter\u00a0\u00bb align_phone=\u00a0\u00bb\u00a0\u00bb align_last_edited=\u00a0\u00bbon|desktop\u00a0\u00bb admin_label=\u00a0\u00bbImage\u00a0\u00bb _builder_version=\u00a0\u00bb4.16&Prime; animation_style=\u00a0\u00bbslide\u00a0\u00bb animation_direction=\u00a0\u00bbleft\u00a0\u00bb animation_duration=\u00a0\u00bb500ms\u00a0\u00bb animation_intensity_slide=\u00a0\u00bb10%\u00a0\u00bb animation=\u00a0\u00bbleft\u00a0\u00bb sticky=\u00a0\u00bboff\u00a0\u00bb use_border_color=\u00a0\u00bboff\u00a0\u00bb border_color=\u00a0\u00bb#ffffff\u00a0\u00bb border_style=\u00a0\u00bbsolid\u00a0\u00bb global_colors_info=\u00a0\u00bb{}\u00a0\u00bb] [\/et_pb_image][et_pb_image src=\u00a0\u00bbhttps:\/\/www.ghislain-fernandez.fr\/wp-content\/uploads\/2020\/01\/20190802_GF_600-e1579013817628.jpg\u00a0\u00bb align_tablet=\u00a0\u00bbcenter\u00a0\u00bb align_phone=\u00a0\u00bb\u00a0\u00bb align_last_edited=\u00a0\u00bbon|desktop\u00a0\u00bb admin_label=\u00a0\u00bbImage\u00a0\u00bb _builder_version=\u00a0\u00bb4.16&Prime; min_height=\u00a0\u00bb168px\u00a0\u00bb custom_padding=\u00a0\u00bb2px|||||\u00a0\u00bb animation_style=\u00a0\u00bbslide\u00a0\u00bb animation_direction=\u00a0\u00bbleft\u00a0\u00bb animation_duration=\u00a0\u00bb500ms\u00a0\u00bb animation_intensity_slide=\u00a0\u00bb10%\u00a0\u00bb animation=\u00a0\u00bbleft\u00a0\u00bb sticky=\u00a0\u00bboff\u00a0\u00bb use_border_color=\u00a0\u00bboff\u00a0\u00bb border_color=\u00a0\u00bb#ffffff\u00a0\u00bb border_style=\u00a0\u00bbsolid\u00a0\u00bb global_colors_info=\u00a0\u00bb{}\u00a0\u00bb] [\/et_pb_image][et_pb_image src=\u00a0\u00bbhttps:\/\/www.ghislain-fernandez.fr\/wp-content\/uploads\/2016\/06\/vannes-1-e1478628486466.jpg\u00a0\u00bb align_tablet=\u00a0\u00bbcenter\u00a0\u00bb align_phone=\u00a0\u00bb\u00a0\u00bb align_last_edited=\u00a0\u00bbon|desktop\u00a0\u00bb admin_label=\u00a0\u00bbImage\u00a0\u00bb _builder_version=\u00a0\u00bb4.16&Prime; animation_style=\u00a0\u00bbslide\u00a0\u00bb animation_direction=\u00a0\u00bbleft\u00a0\u00bb animation_duration=\u00a0\u00bb500ms\u00a0\u00bb animation_intensity_slide=\u00a0\u00bb10%\u00a0\u00bb animation=\u00a0\u00bbleft\u00a0\u00bb sticky=\u00a0\u00bboff\u00a0\u00bb use_border_color=\u00a0\u00bboff\u00a0\u00bb border_color=\u00a0\u00bb#ffffff\u00a0\u00bb border_style=\u00a0\u00bbsolid\u00a0\u00bb global_colors_info=\u00a0\u00bb{}\u00a0\u00bb] [\/et_pb_image][et_pb_image src=\u00a0\u00bbhttps:\/\/www.ghislain-fernandez.fr\/wp-content\/uploads\/2016\/06\/radio-bretagne.jpg\u00a0\u00bb align_tablet=\u00a0\u00bbcenter\u00a0\u00bb align_phone=\u00a0\u00bb\u00a0\u00bb align_last_edited=\u00a0\u00bbon|desktop\u00a0\u00bb admin_label=\u00a0\u00bbImage\u00a0\u00bb _builder_version=\u00a0\u00bb4.16&Prime; animation_style=\u00a0\u00bbslide\u00a0\u00bb animation_direction=\u00a0\u00bbleft\u00a0\u00bb animation_duration=\u00a0\u00bb500ms\u00a0\u00bb animation_intensity_slide=\u00a0\u00bb10%\u00a0\u00bb animation=\u00a0\u00bbleft\u00a0\u00bb sticky=\u00a0\u00bboff\u00a0\u00bb use_border_color=\u00a0\u00bboff\u00a0\u00bb border_color=\u00a0\u00bb#ffffff\u00a0\u00bb border_style=\u00a0\u00bbsolid\u00a0\u00bb global_colors_info=\u00a0\u00bb{}\u00a0\u00bb] [\/et_pb_image][et_pb_image src=\u00a0\u00bbhttps:\/\/www.ghislain-fernandez.fr\/wp-content\/uploads\/2020\/10\/120226388_3348946068533807_2209665949219816032_o.jpg\u00a0\u00bb title_text=\u00a0\u00bb120226388_3348946068533807_2209665949219816032_o\u00a0\u00bb align_tablet=\u00a0\u00bbcenter\u00a0\u00bb align_phone=\u00a0\u00bb\u00a0\u00bb align_last_edited=\u00a0\u00bbon|desktop\u00a0\u00bb admin_label=\u00a0\u00bbImage\u00a0\u00bb _builder_version=\u00a0\u00bb4.19.5&Prime; animation_style=\u00a0\u00bbslide\u00a0\u00bb animation_direction=\u00a0\u00bbleft\u00a0\u00bb animation_duration=\u00a0\u00bb500ms\u00a0\u00bb animation_intensity_slide=\u00a0\u00bb10%\u00a0\u00bb animation=\u00a0\u00bbleft\u00a0\u00bb sticky=\u00a0\u00bboff\u00a0\u00bb use_border_color=\u00a0\u00bboff\u00a0\u00bb border_color=\u00a0\u00bb#ffffff\u00a0\u00bb border_style=\u00a0\u00bbsolid\u00a0\u00bb global_colors_info=\u00a0\u00bb{}\u00a0\u00bb][\/et_pb_image][\/et_pb_column][et_pb_column type=\u00a0\u00bb1_3&Prime; _builder_version=\u00a0\u00bb4.16&Prime; custom_padding=\u00a0\u00bb|||\u00a0\u00bb global_colors_info=\u00a0\u00bb{}\u00a0\u00bb custom_padding__hover=\u00a0\u00bb|||\u00a0\u00bb][et_pb_text admin_label=\u00a0\u00bbTexte\u00a0\u00bb _builder_version=\u00a0\u00bb4.16&Prime; text_text_color=\u00a0\u00bb#FFFFFF\u00a0\u00bb header_text_color=\u00a0\u00bb#f7f7f7&Prime; background_color=\u00a0\u00bbrgba(0,0,0,0.39)\u00a0\u00bb background_size=\u00a0\u00bbinitial\u00a0\u00bb background_position=\u00a0\u00bbtop_left\u00a0\u00bb background_repeat=\u00a0\u00bbrepeat\u00a0\u00bb background_layout=\u00a0\u00bbdark\u00a0\u00bb width=\u00a0\u00bb100%\u00a0\u00bb custom_margin=\u00a0\u00bb|-19px||1px||\u00a0\u00bb custom_padding=\u00a0\u00bb20px|16px|17px|21px||\u00a0\u00bb use_border_color=\u00a0\u00bboff\u00a0\u00bb border_color=\u00a0\u00bb#ffffff\u00a0\u00bb border_style=\u00a0\u00bbsolid\u00a0\u00bb global_colors_info=\u00a0\u00bb{}\u00a0\u00bb]<\/p>\n<p>Biographie<\/p>\n<p>Ghislain Fernandez est n\u00e9 le 19\u00a0janvier 1972 \u00e0 Hy\u00e8res dans le sud de la France.<\/p>\n<p>Apr\u00e8s avoir fait le tour du monde au service de l\u2019arm\u00e9e de terre o\u00f9 il fut instructeur de combat, il s\u2019installe \u00e0 l\u2019\u00e2ge de 30 ans, en Bretagne. Une r\u00e9gion qu\u2019il aime sillonner de long en large. \u00ab\u00a0Les paysages de ce bout du monde \u00e9galent les merveilles des autres continents\u00a0\u00bb insiste-t-il en avouant avoir de temps \u00e0 autre une petite pens\u00e9e m\u00e9lancolique pour le pays varois o\u00f9 sont rest\u00e9s amis et famille.<\/p>\n<p>Mari\u00e9 et p\u00e8re de famille, il a trois enfants. (Trois Gar\u00e7ons)<\/p>\n<p>\u00c0 la fin de ses \u00e9tudes d\u2019orthoproth\u00e9siste, il offre ses talents de cr\u00e9ateur et d\u2019organisateur dans une entreprise familiale d\u2019Orthop\u00e9die g\u00e9n\u00e9rale, sur B\u00e9nodet dans le Finist\u00e8re, en qualit\u00e9 de manageur et concepteur. Mais tr\u00e8s vite, son insatiable app\u00e9tit de cr\u00e9er le pousse \u00e0 occuper le reste de son temps par l\u2019\u00e9criture. Fascin\u00e9 de litt\u00e9rature Fantasy, il d\u00e9cide de reprendre ses propres textes qu\u2019il a commenc\u00e9s enfant, pour les faire publier maladroitement chez Velours, avant de conna\u00eetre le succ\u00e8s m\u00e9rit\u00e9 aux \u00c9ditions Fantasy-Parc, avec sa Saga : \u00c0 l\u2019aube des temps nouveaux. Alors qu\u2019on ne l\u2019attend pas dans les livres jeunesse, il nous captive avec un petit conte \u00ab Capucine et l\u2019\u00e9toile C\u00e9leste \u00bb qu\u2019il propose \u00e0 son ami Michel Borderie pour la partie illustration. Il est lanc\u00e9 et tr\u00e8s vite proposera une nouvelle s\u00e9rie d\u2019heroic fantasy, \u00ab\u00a0l\u2019Orbitaorlus\u00a0\u00bb qui sera \u00e9dit\u00e9e en juillet 2016.<\/p>\n<p>L\u2019amour de la litt\u00e9rature fantastique remonte \u00e0 son enfance, mais c\u2019est gr\u00e2ce \u00e0 Sandrine, la m\u00e8re de ses enfants qu\u2019il se lance r\u00e9ellement.<\/p>\n<p>\u00ab\u00a0J\u2019ai toujours amus\u00e9 mes amis sur les bancs d\u2019\u00e9cole avec des histoires que je construisais \u00e0 mesure qu\u2019ils \u00e9coutaient\u00a0\u00bb.<\/p>\n<p>Talent qu\u2019il a reproduit avec ses trois gar\u00e7ons qui se nourrissaient des aventures de Di\u00e9la bien avant qu\u2019elles ne soient couch\u00e9es sur papier. Si vous lui demandez d\u2019o\u00f9 vient son inspiration, il gloussera en haussant les \u00e9paules, avant de vous dire qu\u2019il est peut-\u00eatre habit\u00e9 par un joyeux farfadet. \u00ab\u00a0Je n\u2019ai qu\u2019\u00e0 me poser devant mon ordinateur pour que mon cerveau se mette en marche\u00a0\u00bb.<\/p>\n<p>Il reconna\u00eet avoir moins de temps pour \u00e9crire, en cause, ses tourn\u00e9es aux quatre coins de la France pour des animations ou des festivals du livre. Malgr\u00e9 tout, il se prendra au jeu d\u2019un concours qu\u2019il remportera avec comme th\u00e9matique : Le loup dans la for\u00eat aux sortil\u00e8ges en 2015, tandis que ses projets d\u2019\u00e9criture enflent au rythme des jours qui passent, pour le plus grand bonheur de ses lecteurs.<\/p>\n<p>[\/et_pb_text][\/et_pb_column][et_pb_column type=\u00a0\u00bb1_3&Prime; _builder_version=\u00a0\u00bb4.16&Prime; custom_padding=\u00a0\u00bb|||\u00a0\u00bb global_colors_info=\u00a0\u00bb{}\u00a0\u00bb custom_padding__hover=\u00a0\u00bb|||\u00a0\u00bb][et_pb_image src=\u00a0\u00bbhttps:\/\/www.ghislain-fernandez.fr\/wp-content\/uploads\/2023\/02\/FOZ_7806_600.jpg\u00a0\u00bb title_text=\u00a0\u00bbFOZ_7806_600&Prime; align_tablet=\u00a0\u00bbcenter\u00a0\u00bb align_phone=\u00a0\u00bb\u00a0\u00bb align_last_edited=\u00a0\u00bbon|desktop\u00a0\u00bb admin_label=\u00a0\u00bbImage\u00a0\u00bb _builder_version=\u00a0\u00bb4.19.5&Prime; animation_style=\u00a0\u00bbslide\u00a0\u00bb animation_direction=\u00a0\u00bbleft\u00a0\u00bb animation_duration=\u00a0\u00bb500ms\u00a0\u00bb animation_intensity_slide=\u00a0\u00bb10%\u00a0\u00bb animation=\u00a0\u00bbleft\u00a0\u00bb sticky=\u00a0\u00bboff\u00a0\u00bb use_border_color=\u00a0\u00bboff\u00a0\u00bb border_color=\u00a0\u00bb#ffffff\u00a0\u00bb border_style=\u00a0\u00bbsolid\u00a0\u00bb global_colors_info=\u00a0\u00bb{}\u00a0\u00bb] [\/et_pb_image][et_pb_image src=\u00a0\u00bbhttps:\/\/www.ghislain-fernandez.fr\/wp-content\/uploads\/2016\/06\/20150523_164230-e1467356662412.jpg\u00a0\u00bb align_tablet=\u00a0\u00bbcenter\u00a0\u00bb align_phone=\u00a0\u00bb\u00a0\u00bb align_last_edited=\u00a0\u00bbon|desktop\u00a0\u00bb admin_label=\u00a0\u00bbImage\u00a0\u00bb _builder_version=\u00a0\u00bb4.16&Prime; animation_style=\u00a0\u00bbslide\u00a0\u00bb animation_direction=\u00a0\u00bbleft\u00a0\u00bb animation_duration=\u00a0\u00bb500ms\u00a0\u00bb animation_intensity_slide=\u00a0\u00bb10%\u00a0\u00bb animation=\u00a0\u00bbleft\u00a0\u00bb sticky=\u00a0\u00bboff\u00a0\u00bb use_border_color=\u00a0\u00bboff\u00a0\u00bb border_color=\u00a0\u00bb#ffffff\u00a0\u00bb border_style=\u00a0\u00bbsolid\u00a0\u00bb global_colors_info=\u00a0\u00bb{}\u00a0\u00bb] [\/et_pb_image][et_pb_image src=\u00a0\u00bbhttps:\/\/www.ghislain-fernandez.fr\/wp-content\/uploads\/2020\/01\/20191020_153153_GF_600-e1579013896125.jpg\u00a0\u00bb align_tablet=\u00a0\u00bbcenter\u00a0\u00bb align_phone=\u00a0\u00bb\u00a0\u00bb align_last_edited=\u00a0\u00bbon|desktop\u00a0\u00bb admin_label=\u00a0\u00bbImage\u00a0\u00bb _builder_version=\u00a0\u00bb4.16&Prime; animation_style=\u00a0\u00bbslide\u00a0\u00bb animation_direction=\u00a0\u00bbleft\u00a0\u00bb animation_duration=\u00a0\u00bb500ms\u00a0\u00bb animation_intensity_slide=\u00a0\u00bb10%\u00a0\u00bb animation=\u00a0\u00bbleft\u00a0\u00bb sticky=\u00a0\u00bboff\u00a0\u00bb use_border_color=\u00a0\u00bboff\u00a0\u00bb border_color=\u00a0\u00bb#ffffff\u00a0\u00bb border_style=\u00a0\u00bbsolid\u00a0\u00bb global_colors_info=\u00a0\u00bb{}\u00a0\u00bb] [\/et_pb_image][et_pb_image src=\u00a0\u00bbhttps:\/\/www.ghislain-fernandez.fr\/wp-content\/uploads\/2016\/06\/concarneau.jpg\u00a0\u00bb align_tablet=\u00a0\u00bbcenter\u00a0\u00bb align_phone=\u00a0\u00bb\u00a0\u00bb align_last_edited=\u00a0\u00bbon|desktop\u00a0\u00bb admin_label=\u00a0\u00bbImage\u00a0\u00bb _builder_version=\u00a0\u00bb4.16&Prime; animation_style=\u00a0\u00bbslide\u00a0\u00bb animation_direction=\u00a0\u00bbleft\u00a0\u00bb animation_duration=\u00a0\u00bb500ms\u00a0\u00bb animation_intensity_slide=\u00a0\u00bb10%\u00a0\u00bb animation=\u00a0\u00bbleft\u00a0\u00bb sticky=\u00a0\u00bboff\u00a0\u00bb use_border_color=\u00a0\u00bboff\u00a0\u00bb border_color=\u00a0\u00bb#ffffff\u00a0\u00bb border_style=\u00a0\u00bbsolid\u00a0\u00bb global_colors_info=\u00a0\u00bb{}\u00a0\u00bb] [\/et_pb_image][et_pb_image src=\u00a0\u00bbhttps:\/\/www.ghislain-fernandez.fr\/wp-content\/uploads\/2016\/06\/gouesnou.jpg\u00a0\u00bb align_tablet=\u00a0\u00bbcenter\u00a0\u00bb align_phone=\u00a0\u00bb\u00a0\u00bb align_last_edited=\u00a0\u00bbon|desktop\u00a0\u00bb admin_label=\u00a0\u00bbImage\u00a0\u00bb _builder_version=\u00a0\u00bb4.16&Prime; animation_style=\u00a0\u00bbslide\u00a0\u00bb animation_direction=\u00a0\u00bbleft\u00a0\u00bb animation_duration=\u00a0\u00bb500ms\u00a0\u00bb animation_intensity_slide=\u00a0\u00bb10%\u00a0\u00bb animation=\u00a0\u00bbleft\u00a0\u00bb sticky=\u00a0\u00bboff\u00a0\u00bb use_border_color=\u00a0\u00bboff\u00a0\u00bb border_color=\u00a0\u00bb#ffffff\u00a0\u00bb border_style=\u00a0\u00bbsolid\u00a0\u00bb global_colors_info=\u00a0\u00bb{}\u00a0\u00bb] [\/et_pb_image][\/et_pb_column][\/et_pb_row][\/et_pb_section]<\/p>\n","protected":false},"excerpt":{"rendered":"<p>Biographie Ghislain Fernandez est n\u00e9 le 19\u00a0janvier 1972 \u00e0 Hy\u00e8res dans le sud de la France. Apr\u00e8s avoir fait le tour du monde au service de l\u2019arm\u00e9e de terre o\u00f9 il fut instructeur de combat, il s\u2019installe \u00e0 l\u2019\u00e2ge de 30 ans, en Bretagne. Une r\u00e9gion qu\u2019il aime sillonner de long en large. \u00ab\u00a0Les paysages [&hellip;]<\/p>\n","protected":false},"author":1,"featured_media":0,"parent":0,"menu_order":0,"comment_status":"closed","ping_status":"closed","template":"","meta":{"_et_pb_use_builder":"on","_et_pb_old_content":"","_et_gb_content_width":"","footnotes":""},"class_list":["post-110","page","type-page","status-publish","hentry"],"aioseo_notices":[],"_links":{"self":[{"href":"https:\/\/www.ghislain-fernandez.fr\/index.php?rest_route=\/wp\/v2\/pages\/110","targetHints":{"allow":["GET"]}}],"collection":[{"href":"https:\/\/www.ghislain-fernandez.fr\/index.php?rest_route=\/wp\/v2\/pages"}],"about":[{"href":"https:\/\/www.ghislain-fernandez.fr\/index.php?rest_route=\/wp\/v2\/types\/page"}],"author":[{"embeddable":true,"href":"https:\/\/www.ghislain-fernandez.fr\/index.php?rest_route=\/wp\/v2\/users\/1"}],"replies":[{"embeddable":true,"href":"https:\/\/www.ghislain-fernandez.fr\/index.php?rest_route=%2Fwp%2Fv2%2Fcomments&post=110"}],"version-history":[{"count":43,"href":"https:\/\/www.ghislain-fernandez.fr\/index.php?rest_route=\/wp\/v2\/pages\/110\/revisions"}],"predecessor-version":[{"id":1308,"href":"https:\/\/www.ghislain-fernandez.fr\/index.php?rest_route=\/wp\/v2\/pages\/110\/revisions\/1308"}],"wp:attachment":[{"href":"https:\/\/www.ghislain-fernandez.fr\/index.php?rest_route=%2Fwp%2Fv2%2Fmedia&parent=110"}],"curies":[{"name":"wp","href":"https:\/\/api.w.org\/{rel}","templated":true}]}}